{"id":4338,"date":"2023-04-28T12:29:11","date_gmt":"2023-04-28T12:29:11","guid":{"rendered":"https:\/\/icugirisim.com.tr\/surekli-bilgilendirme-formu\/"},"modified":"2024-06-11T06:30:11","modified_gmt":"2024-06-11T06:30:11","slug":"surekli-bilgilendirme-formu","status":"publish","type":"page","link":"https:\/\/icugirisim.com\/en\/surekli-bilgilendirme-formu\/","title":{"rendered":"S\u00dcREKL\u0130 B\u0130LG\u0130LEND\u0130RME FORMU"},"content":{"rendered":"\t\t<div data-elementor-type=\"wp-page\" data-elementor-id=\"4338\" class=\"elementor elementor-4338 elementor-1121\" data-elementor-post-type=\"page\">\n\t\t\t\t\t\t<section class=\"elementor-section elementor-top-section elementor-element elementor-element-249d52f elementor-section-boxed elementor-section-height-default elementor-section-height-default\" data-id=\"249d52f\" data-element_type=\"section\" data-settings=\"{&quot;background_background&quot;:&quot;classic&quot;}\">\n\t\t\t\t\t\t\t<div class=\"elementor-background-overlay\"><\/div>\n\t\t\t\t\t\t\t<div class=\"elementor-container elementor-column-gap-default\">\n\t\t\t\t\t<div class=\"elementor-column elementor-col-100 elementor-top-column elementor-element elementor-element-b24bc93\" data-id=\"b24bc93\" data-element_type=\"column\">\n\t\t\t<div class=\"elementor-widget-wrap\">\n\t\t\t\t\t\t\t<\/div>\n\t\t<\/div>\n\t\t\t\t\t<\/div>\n\t\t<\/section>\n\t\t\t\t<section class=\"elementor-section elementor-top-section elementor-element elementor-element-27a48f0f elementor-section-height-min-height elementor-section-content-middle elementor-section-boxed elementor-section-height-default elementor-section-items-middle\" data-id=\"27a48f0f\" data-element_type=\"section\">\n\t\t\t\t\t\t<div class=\"elementor-container elementor-column-gap-no\">\n\t\t\t\t\t<div class=\"elementor-column elementor-col-100 elementor-top-column elementor-element elementor-element-60260a57\" data-id=\"60260a57\" data-element_type=\"column\">\n\t\t\t<div class=\"elementor-widget-wrap elementor-element-populated\">\n\t\t\t\t\t\t<div class=\"elementor-element elementor-element-9d49e56 elementor-widget elementor-widget-heading\" data-id=\"9d49e56\" data-element_type=\"widget\" data-widget_type=\"heading.default\">\n\t\t\t\t<div class=\"elementor-widget-container\">\n\t\t\t<style>\/*! elementor - v3.20.0 - 26-03-2024 *\/\n.elementor-heading-title{padding:0;margin:0;line-height:1}.elementor-widget-heading .elementor-heading-title[class*=elementor-size-]>a{color:inherit;font-size:inherit;line-height:inherit}.elementor-widget-heading .elementor-heading-title.elementor-size-small{font-size:15px}.elementor-widget-heading .elementor-heading-title.elementor-size-medium{font-size:19px}.elementor-widget-heading .elementor-heading-title.elementor-size-large{font-size:29px}.elementor-widget-heading .elementor-heading-title.elementor-size-xl{font-size:39px}.elementor-widget-heading .elementor-heading-title.elementor-size-xxl{font-size:59px}<\/style><h1 class=\"elementor-heading-title elementor-size-default\">S\u00dcREKL\u0130 B\u0130LG\u0130LEND\u0130RME FORMU<\/h1>\t\t<\/div>\n\t\t\t\t<\/div>\n\t\t\t\t\t<\/div>\n\t\t<\/div>\n\t\t\t\t\t<\/div>\n\t\t<\/section>\n\t\t\t\t<section class=\"elementor-section elementor-top-section elementor-element elementor-element-bc419ee elementor-section-boxed elementor-section-height-default elementor-section-height-default\" data-id=\"bc419ee\" data-element_type=\"section\">\n\t\t\t\t\t\t<div class=\"elementor-container elementor-column-gap-default\">\n\t\t\t\t\t<div class=\"elementor-column elementor-col-100 elementor-top-column elementor-element elementor-element-9c05ffb\" data-id=\"9c05ffb\" data-element_type=\"column\">\n\t\t\t<div class=\"elementor-widget-wrap elementor-element-populated\">\n\t\t\t\t\t\t<div class=\"elementor-element elementor-element-9800e87 elementor-widget elementor-widget-text-editor\" data-id=\"9800e87\" data-element_type=\"widget\" data-widget_type=\"text-editor.default\">\n\t\t\t\t<div class=\"elementor-widget-container\">\n\t\t\t<style>\/*! elementor - v3.20.0 - 26-03-2024 *\/\n.elementor-widget-text-editor.elementor-drop-cap-view-stacked .elementor-drop-cap{background-color:#69727d;color:#fff}.elementor-widget-text-editor.elementor-drop-cap-view-framed .elementor-drop-cap{color:#69727d;border:3px solid;background-color:transparent}.elementor-widget-text-editor:not(.elementor-drop-cap-view-default) .elementor-drop-cap{margin-top:8px}.elementor-widget-text-editor:not(.elementor-drop-cap-view-default) .elementor-drop-cap-letter{width:1em;height:1em}.elementor-widget-text-editor .elementor-drop-cap{float:left;text-align:center;line-height:1;font-size:50px}.elementor-widget-text-editor .elementor-drop-cap-letter{display:inline-block}<\/style>\t\t\t\t<h1>ICU G\u0130R\u0130\u015e\u0130M SERMAYES\u0130 A.\u015e. S\u00dcREKL\u0130 B\u0130LG\u0130LEND\u0130RME FORMU<\/h1><div>\u00a0\u00a0 \u00a0 \u00a0 \u00a0 \u00a0 \u00a0 \u00a0 \u00a0 \u00a0 \u00a0\u00a0 \u00a0 \u00a0 \u00a0 \u00a0 \u00a0 \u00a0 \u00a0 \u00a0 \u00a0\u00a0 \u00a0 \u00a0 \u00a0 \u00a0 \u00a0 \u00a0 \u00a0 \u00a0 \u00a0\u00a0 \u00a0 \u00a0 \u00a0 \u00a0 \u00a0 \u00a0 \u00a0 \u00a0 \u00a0\u00a0 \u00a0 \u00a0 \u00a0 \u00a0 \u00a0 \u00a0 \u00a0 \u00a0 \u00a0\u00a0 \u00a0 \u00a0 \u00a0 \u00a0 \u00a0 \u00a0\u00a0 G\u0130R\u0130\u015e\u0130M SERMAYES\u0130 YATIRIM ORTAKLIKLARINA \u0130L\u0130\u015eK\u0130N TEMEL B\u0130LG\u0130LER<\/div><div><div>\u00a0<\/div><table border=\"0\" width=\"709\" cellspacing=\"0\" cellpadding=\"0\"><tbody><tr><td align=\"left\" valign=\"top\" bgcolor=\"#e9e9e9\"><table border=\"1\" cellspacing=\"0\" cellpadding=\"0\"><tbody><tr><td valign=\"top\" bgcolor=\"#d3d3d3\"><strong>PORTF\u00d6Y B\u0130LG\u0130LER\u0130<\/strong><\/td><\/tr><tr><td align=\"left\" valign=\"top\" bgcolor=\"#d3d3d3\">HALKA ARZ TAR\u0130H\u0130: 29-30\/06\/2000<\/td><\/tr><tr><td align=\"left\" valign=\"top\" bgcolor=\"#fdfdfd\">\u00a0<\/td><\/tr><tr><td align=\"left\" valign=\"top\" bgcolor=\"#d3d3d3\"><strong>\u00a0<\/strong><strong>\u00a0\u00a0 \u00a0 \u00a0 \u00a0 \u00a0 \u00a0 \u00a0 \u00a0 \u00a0 \u00a0 \u00a0\u00a0 \u00a0 \u00a0 \u00a0 \u00a0 \u00a0 \u00a0 \u00a0 \u00a0 \u00a0\u00a0 \u00a0 \u00a0 \u00a0 \u00a0 \u00a0 \u00a0 \u00a0 \u00a0 \u00a0\u00a0 \u00a0 \u00a0 \u00a0 \u00a0\u00a0<\/strong><\/td><\/tr><tr><td align=\"left\" valign=\"top\"><table border=\"1\" width=\"100%\" cellspacing=\"1\" cellpadding=\"1\"><tbody><tr><td valign=\"top\" bgcolor=\"#dfdfdf\"><strong>Portf\u00f6y Da\u011f\u0131l\u0131m\u0131<\/strong><strong>\u00a0<\/strong><strong>(%)<\/strong><strong>\u00a0\u00a0<\/strong><\/td><td valign=\"top\" bgcolor=\"#ebebeb\">100<\/td><\/tr><tr><td>Giri\u015fim Sermayesi Yat\u0131r\u0131mlar\u0131<\/td><td>100<\/td><\/tr><tr><td valign=\"top\" bgcolor=\"#fdfdfd\">Menkul K\u0131ymetler + Vadeli Mevduat<\/td><td valign=\"top\" bgcolor=\"#fdfdfd\">&#8211;<\/td><\/tr><tr><td valign=\"top\" bgcolor=\"#f2f2f2\">Kamu Kesimi Bor\u00e7lanma Senetleri<\/td><td valign=\"top\" bgcolor=\"#f2f2f2\">&#8211;<\/td><\/tr><tr><td valign=\"top\" bgcolor=\"#fdfdfd\">D\u00f6viz Cinsi Tahvil<\/td><td valign=\"top\" bgcolor=\"#fdfdfd\">&#8211;<\/td><\/tr><tr><td>Yat\u0131r\u0131m Fonu<\/td><td>\u00a0&#8211;<\/td><\/tr><tr><td>Di\u011fer<\/td><td>\u00a0&#8211;<\/td><\/tr><tr><td>\u00a0<\/td><td>\u00a0<\/td><\/tr><tr><td valign=\"top\" bgcolor=\"#f2f2f2\"><strong>TOPLAM<\/strong><\/td><td valign=\"top\" bgcolor=\"#f2f2f2\"><strong>100<\/strong><\/td><\/tr><\/tbody><\/table><\/td><\/tr><tr><td align=\"left\" valign=\"top\"><a href=\"https:\/\/icugirisim.com.tr\/portfoy-tablosu\/\">Portf\u00f6y Tablosu (T\u0131klay\u0131n\u0131z)<\/a><\/td><\/tr><tr><td><a href=\"https:\/\/icugirisim.com.tr\/faaliyet-raporlari\/\">Faaliyet Raporlar\u0131 (T\u0131klay\u0131n\u0131z)<\/a><\/td><\/tr><tr><td><a href=\"https:\/\/icugirisim.com.tr\/wp-content\/uploads\/2023\/10\/ticaretsicilyeni.pdf\">Ticaret Sicil Bilgileri (T\u0131klay\u0131n\u0131z)<\/a><\/td><\/tr><tr><td align=\"left\" valign=\"top\" bgcolor=\"#f9f9f9\"><a href=\"https:\/\/icugirisim.com.tr\/wp-content\/uploads\/2023\/10\/ICU-Giris\u0327im-Sermayesi-Yatirim-Ortaklig\u0306i-A.S\u0327.-Esas-So\u0308zles\u0327mesi.pdf\">Esas S\u00f6zle\u015fme (T\u0131klay\u0131n\u0131z)<\/a><\/td><\/tr><tr><td align=\"left\" valign=\"top\" bgcolor=\"#f9f9f9\"><a href=\"https:\/\/icugirisim.com.tr\/wp-content\/uploads\/2023\/05\/RHEAGEsasSozlesmeKronolojisi2019.pdf\">Esas S\u00f6zle\u015fme Kronolojisi (T\u0131klay\u0131n\u0131z)<\/a><\/td><\/tr><tr><td align=\"left\" valign=\"top\"><a href=\"https:\/\/icugirisim.com.tr\/izahname-bilgileri\/\">\u0130zahname Bilgileri (T\u0131klay\u0131n\u0131z)<\/a><\/td><\/tr><tr><td align=\"left\" valign=\"top\" bgcolor=\"#f9f9f9\"><a href=\"https:\/\/icugirisim.com.tr\/wp-content\/uploads\/2023\/05\/tasarruf-sahipleri-sirkuler.17.09.2010.pdf\">Sirk\u00fcler (T\u0131klay\u0131n\u0131z)<\/a><\/td><\/tr><tr><td><a href=\"https:\/\/icugirisim.com.tr\/mali-tablolar\/\">Mali Tablolar (T\u0131klay\u0131n\u0131z)<\/a><\/td><\/tr><tr><td><a href=\"https:\/\/icugirisim.com.tr\/ozel-durumlar\/\">\u00d6zel Hal Bildirimleri (T\u0131klay\u0131n\u0131z)<\/a><\/td><\/tr><tr><td><a href=\"https:\/\/icugirisim.com.tr\/genel-kurul-bilgileri\/\">Genel Kurul Bilgileri (T\u0131klay\u0131n\u0131z)<\/a><\/td><\/tr><tr><td><a href=\"https:\/\/icugirisim.com.tr\/wp-content\/uploads\/2023\/05\/Vekaletname_Ornek.pdf\">Vekaletname \u00d6rne\u011fi (T\u0131klay\u0131n\u0131z)<\/a><\/td><\/tr><tr><td><a href=\"https:\/\/icugirisim.com.tr\/wp-content\/uploads\/2023\/05\/Genel_Kurul_Ic_Yonergesi.pdf\">Genel Kurul \u0130\u00e7 Y\u00f6nergesi (T\u0131klay\u0131n\u0131z)<\/a><\/td><\/tr><tr><td><a href=\"https:\/\/icugirisim.com.tr\/wp-content\/uploads\/2023\/05\/Yoenerge.pdf\">Y\u00f6netim Kurulu \u0130\u00e7 Y\u00f6nergesi (T\u0131klay\u0131n\u0131z)<\/a><\/td><\/tr><tr><td><a href=\"https:\/\/icugirisim.com.tr\/wp-content\/uploads\/2024\/06\/2023-Yili-Genel-Kurul-Kar-Payi-Dagitim.pdf\">Kar Da\u011f\u0131t\u0131m\u00a0Teklifi (T\u0131klay\u0131n\u0131z)<\/a><\/td><\/tr><tr><td><a href=\"https:\/\/icugirisim.com.tr\/wp-content\/uploads\/2023\/05\/Kar_Dagitim_Politikasi.pdf\">Kar Da\u011f\u0131t\u0131m Politikas\u0131 (T\u0131klay\u0131n\u0131z)<\/a><\/td><\/tr><tr><td><a href=\"https:\/\/icugirisim.com.tr\/wp-content\/uploads\/2023\/05\/ucretlendirme-politikasi.pdf\">\u00dccretlendirme Politikas\u0131 (T\u0131klay\u0131n\u0131z)<\/a><\/td><\/tr><tr><td><a href=\"https:\/\/icugirisim.com.tr\/surdurulebilirlik-politikasi-uyum-raporu\/\">S\u00fcrd\u00fcr\u00fclebilirlik Politikas\u0131 \/ Uyum Raporu (T\u0131klay\u0131n\u0131z)<\/a><\/td><\/tr><tr><td><a href=\"https:\/\/icugirisim.com.tr\/wp-content\/uploads\/2023\/05\/iliskili_taraf_raporu_2022.pdf\">\u0130li\u015fkili Taraf \u0130\u015flemleri Raporu (T\u0131klay\u0131n\u0131z)<\/a><\/td><\/tr><tr><td><a href=\"https:\/\/icugirisim.com.tr\/wp-content\/uploads\/2023\/05\/kendi-paylarini-geri-alma-programi.pdf\">Hisse Geri Al\u0131m Politikas\u0131 (T\u0131klay\u0131n\u0131z)<\/a><\/td><\/tr><tr><td><a href=\"https:\/\/icugirisim.com.tr\/yonetim-kurulu-uyeleri-hakkinda-bilgiler\/\">Y\u00f6netim Kurulu \u00dcyeli\u011fine Aday G\u00f6sterilecek Ki\u015filer Hakk\u0131nda Bilgiler (T\u0131klay\u0131n\u0131z)<\/a><\/td><\/tr><tr><td><a href=\"https:\/\/icugirisim.com.tr\/wp-content\/uploads\/2023\/05\/imztiyazlipaysahipleri.pdf\">\u0130mtiyazl\u0131 Pay Sahipleri (T\u0131klay\u0131n\u0131z)<\/a><\/td><\/tr><tr><td><a href=\"https:\/\/icugirisim.com.tr\/kurumsal-yonetim-ilkeleri\/\">Kurumsal Y\u00f6netim \u0130lkeleri (T\u0131klay\u0131n\u0131z)<\/a><\/td><\/tr><tr><td>\u00a0<\/td><\/tr><tr><td align=\"left\" valign=\"top\" bgcolor=\"#f9f9f9\"><a href=\"https:\/\/icugirisim.com.tr\/wp-content\/uploads\/2023\/05\/III-48.3_Girisim_Sermayesi_Yatirim_Ortakliklarina_Iliskin_Teblig-_09.10.2013.pdf\"><strong>Giri\u015fim Sermayesi Yat\u0131r\u0131m Ortakl\u0131klar\u0131na \u0130li\u015fkin Sermaye Piyasas\u0131 Kurulu Tebli\u011fi (<\/strong><strong>T\u0131klay\u0131n\u0131z)<\/strong><\/a><\/td><\/tr><\/tbody><\/table><\/td><td align=\"left\" valign=\"top\" bgcolor=\"#e9e9e9\" width=\"10\">\u00a0<\/td><td align=\"left\" valign=\"top\" bgcolor=\"#e9e9e9\"><table style=\"width: 381px; height: 899px;\" border=\"1\" cellspacing=\"0\" cellpadding=\"0\"><tbody><tr><td bgcolor=\"#d3d3d3\"><strong>YATIRIM VE Y\u00d6NET\u0130ME \u0130L\u0130\u015eK\u0130N B\u0130LG\u0130LER<\/strong><\/td><\/tr><tr><td bgcolor=\"#d3d3d3\">Ortakl\u0131k Yap\u0131s\u0131 (%1\u2032den fazla i\u015ftirak olanlar\u0131 i\u00e7in doldurulur.)<\/td><\/tr><tr style=\"vertical-align: top;\"><td><table style=\"width: 616px;\" border=\"1\" cellspacing=\"1\" cellpadding=\"1\"><tbody><tr><td bgcolor=\"#dfdfdf\">Ad\u0131-Soyad\u0131 veya \u00dcnvan\u0131<\/td><td bgcolor=\"#ebebeb\">\u0130\u015ftirak Tutar\u0131 (Milyon TL)<\/td><td bgcolor=\"#dfdfdf\">\u0130\u015ftirak Oran\u0131 (%)<\/td><\/tr><tr><td bgcolor=\"#fdfdfd\">Mustafa M\u00fcmtaz \u00d6ZKAYA (A Grubu)<\/td><td bgcolor=\"#fdfdfd\">2.250.000,00<\/td><td bgcolor=\"#fdfdfd\">5,42<\/td><\/tr><tr><td>Halka A\u00e7\u0131k<\/td><td>39.300.000,00<\/td><td>94,58<\/td><\/tr><tr><td colspan=\"3\" bgcolor=\"#e9e9e9\">\u00a0<\/td><\/tr><tr><td bgcolor=\"#f2f2f2\"><strong>TOPLAM<\/strong><\/td><td bgcolor=\"#f2f2f2\">41.550.000,00<\/td><td bgcolor=\"#f2f2f2\">100,00<\/td><\/tr><\/tbody><\/table><\/td><\/tr><tr><td>YATIRIM AMACI\/STRATEJ\u0130S\u0130<\/td><\/tr><tr><td>Giri\u015fim sermayesi yat\u0131r\u0131mlar\u0131<\/td><\/tr><tr><td bgcolor=\"#fdfdfd\"><p>ICU Giri\u015fim, rekabet ve y\u00fcksek b\u00fcy\u00fcme potansiyeline sahip \u015firketlere ortak olarak bu \u015firketlere de\u011fer kazand\u0131rmay\u0131 ve yat\u0131r\u0131mc\u0131lar\u0131na kazan\u00e7 sa\u011flamay\u0131 hedeflemektedir.<\/p><p>ICU Giri\u015fim, genel olarak y\u0131ll\u0131k cirosu $2 ile $20 milyon aras\u0131nda olan, \u00fcr\u00fcn veya hizmet yarat\u0131m\u0131n\u0131 tamamlam\u0131\u015f, m\u00fc\u015fteri ili\u015fkileri geli\u015ftirmi\u015f, b\u00f6lgesel ve global pazarda b\u00fcy\u00fcmeye haz\u0131rlanan \u015firketlere yat\u0131r\u0131m yapmay\u0131 tercih etmektedir.<\/p><p>Yat\u0131r\u0131m yap\u0131lan \u015firketlerde \u00e7o\u011funluk hisselerin sat\u0131n al\u0131nmas\u0131 yoluna gidilmekte olup, baz\u0131 \u00f6zel ko\u015fullarda az\u0131nl\u0131k olarak da yat\u0131r\u0131m yapabilmektedir. Y\u00f6netim Kurulu seviyesinde, yat\u0131r\u0131m\u0131m\u0131z oran\u0131nda temsil hakk\u0131 kullan\u0131lmaktad\u0131r.<\/p><\/td><\/tr><tr><td bgcolor=\"#fdfdfd\">\u00a0<\/td><\/tr><tr><td bgcolor=\"#fdfdfd\">\u00a0<\/td><\/tr><tr><td bgcolor=\"#fdfdfd\">\u00a0<\/td><\/tr><tr><td bgcolor=\"#d3d3d3\"><strong>Y\u00d6NET\u0130M KURULU \u00dcYELER\u0130 VE GENEL M\u00dcD\u00dcR<\/strong><\/td><\/tr><tr style=\"vertical-align: top;\"><td><table style=\"width: 614px;\" border=\"1\" cellspacing=\"1\" cellpadding=\"1\"><tbody><tr><td bgcolor=\"#dfdfdf\">ADI SOYADI<\/td><td bgcolor=\"#ebebeb\">\u00dcNVAN<\/td><\/tr><tr><td nowrap=\"nowrap\" bgcolor=\"#f9f9f9\">Hac\u0131 Bayram Ba\u015faran<\/td><td bgcolor=\"#f9f9f9\">Y\u00f6netim Kurulu Ba\u015fkan\u0131 \/ \u0130cra Kurulu Ba\u015fkan\u0131<\/td><\/tr><tr><td nowrap=\"nowrap\">\u00d6mer \u015een\u00f6z<\/td><td>Y\u00f6netim Kurulu Ba\u015fkan Vekili \/ \u0130cra Kurulu \u00dcyesi<\/td><\/tr><tr><td nowrap=\"nowrap\">Ece Erkal<\/td><td>Y\u00f6netim Kurulu \u00dcyesi<\/td><\/tr><tr><td nowrap=\"nowrap\" bgcolor=\"#f9f9f9\">Cevdet Erkorkmaz<\/td><td bgcolor=\"#f9f9f9\">Ba\u011f\u0131ms\u0131z Y\u00f6netim Kurulu \u00dcyesi<\/td><\/tr><tr><td nowrap=\"nowrap\">G\u00fcl\u00f6ren Tunca<\/td><td>Ba\u011f\u0131ms\u0131z Y\u00f6netim Kurulu \u00dcyesi<\/td><\/tr><tr><td nowrap=\"nowrap\" bgcolor=\"#f9f9f9\">Cemil Arma\u011fan<\/td><td bgcolor=\"#f9f9f9\">Genel M\u00fcd\u00fcr<\/td><\/tr><tr><td colspan=\"2\" bgcolor=\"#fdfdfd\">\u00a0<\/td><\/tr><tr><td colspan=\"2\" bgcolor=\"#d3d3d3\"><strong>KOM\u0130TELER<\/strong><\/td><\/tr><tr><td nowrap=\"nowrap\" bgcolor=\"#f9f9f9\">Cevdet Erkorkmaz<\/td><td bgcolor=\"#f9f9f9\">Ba\u011f\u0131ms\u0131z Y\u00f6netim Kurulu \u00dcyesi &#8211; Denetimden Sorumlu Komite Ba\u015fkan\u0131 &#8211; Riskin Erken Saptanmas\u0131 Komite Ba\u015fkan\u0131 &#8211; Kurumsal Y\u00f6netim Komitesi \u00dcyesi<\/td><\/tr><tr><td nowrap=\"nowrap\">G\u00fcl\u00f6ren Tunca<\/td><td>Ba\u011f\u0131ms\u0131z Y\u00f6netim Kurulu \u00dcyesi &#8211; Kurumsal Y\u00f6netim Komitesi Ba\u015fkan\u0131 &#8211; Denetimden Sorumlu Komite \u00dcyesi &#8211; Riskin Erken Saptanmas\u0131 Komitesi \u00dcyesi<\/td><\/tr><tr><td nowrap=\"nowrap\" bgcolor=\"#f9f9f9\">\u00d6mer \u015een\u00f6z<\/td><td bgcolor=\"#f9f9f9\">Denetimden Sorumlu Komite \u00dcyesi- Riskin Erken Saptanmas\u0131 Komite \u00dcyesi<\/td><\/tr><tr><td nowrap=\"nowrap\" bgcolor=\"#f9f9f9\">Zeynep Karaka\u015f<\/td><td bgcolor=\"#f9f9f9\">Kurumsal Y\u00f6netim Komitesi \u00dcyesi<\/td><\/tr><tr><td colspan=\"2\" bgcolor=\"#fdfdfd\">\u00a0<\/td><\/tr><tr><td colspan=\"2\" bgcolor=\"#d3d3d3\"><strong>YATIRIMCI \u0130L\u0130\u015eK\u0130LER\u0130<\/strong><\/td><\/tr><tr><td nowrap=\"nowrap\" bgcolor=\"#f9f9f9\">Zeynep Karaka\u015f<\/td><td bgcolor=\"#f9f9f9\">Yat\u0131r\u0131mc\u0131 \u0130li\u015fkileri<\/td><\/tr><tr><td nowrap=\"nowrap\" bgcolor=\"#f9f9f9\">Arif Bekta\u015f<\/td><td bgcolor=\"#f9f9f9\">Mali \u0130\u015fler ve Finansman M\u00fcd\u00fcr\u00fc &#8211; Yat\u0131r\u0131mc\u0131 \u0130li\u015fkileri Personeli<\/td><\/tr><tr><td nowrap=\"nowrap\" bgcolor=\"#f9f9f9\">\u00a0<\/td><td bgcolor=\"#f9f9f9\">\u00a0<\/td><\/tr><\/tbody><\/table><\/td><\/tr><\/tbody><\/table><\/td><\/tr><\/tbody><\/table><\/div>\t\t\t\t\t\t<\/div>\n\t\t\t\t<\/div>\n\t\t\t\t\t<\/div>\n\t\t<\/div>\n\t\t\t\t\t<\/div>\n\t\t<\/section>\n\t\t\t\t<\/div>\n\t\t","protected":false},"excerpt":{"rendered":"<p>S\u00dcREKL\u0130 B\u0130LG\u0130LEND\u0130RME FORMU ICU G\u0130R\u0130\u015e\u0130M SERMAYES\u0130 A.\u015e. S\u00dcREKL\u0130 B\u0130LG\u0130LEND\u0130RME FORMU \u00a0\u00a0 \u00a0 \u00a0 \u00a0 \u00a0 \u00a0 \u00a0 \u00a0 \u00a0 \u00a0\u00a0 \u00a0 \u00a0 \u00a0 \u00a0 \u00a0 \u00a0 \u00a0 \u00a0 \u00a0\u00a0 \u00a0 \u00a0 \u00a0 \u00a0 \u00a0 \u00a0 \u00a0 \u00a0 \u00a0\u00a0 \u00a0 \u00a0 \u00a0 \u00a0 \u00a0 \u00a0 \u00a0 \u00a0 \u00a0\u00a0 \u00a0 \u00a0 \u00a0 \u00a0 \u00a0 \u00a0 \u00a0 \u00a0 [&hellip;]<\/p>\n","protected":false},"author":1,"featured_media":0,"parent":0,"menu_order":0,"comment_status":"closed","ping_status":"closed","template":"","meta":{"footnotes":""},"class_list":["post-4338","page","type-page","status-publish","hentry"],"aioseo_notices":[],"_links":{"self":[{"href":"https:\/\/icugirisim.com\/en\/wp-json\/wp\/v2\/pages\/4338","targetHints":{"allow":["GET"]}}],"collection":[{"href":"https:\/\/icugirisim.com\/en\/wp-json\/wp\/v2\/pages"}],"about":[{"href":"https:\/\/icugirisim.com\/en\/wp-json\/wp\/v2\/types\/page"}],"author":[{"embeddable":true,"href":"https:\/\/icugirisim.com\/en\/wp-json\/wp\/v2\/users\/1"}],"replies":[{"embeddable":true,"href":"https:\/\/icugirisim.com\/en\/wp-json\/wp\/v2\/comments?post=4338"}],"version-history":[{"count":9,"href":"https:\/\/icugirisim.com\/en\/wp-json\/wp\/v2\/pages\/4338\/revisions"}],"predecessor-version":[{"id":4993,"href":"https:\/\/icugirisim.com\/en\/wp-json\/wp\/v2\/pages\/4338\/revisions\/4993"}],"wp:attachment":[{"href":"https:\/\/icugirisim.com\/en\/wp-json\/wp\/v2\/media?parent=4338"}],"curies":[{"name":"wp","href":"https:\/\/api.w.org\/{rel}","templated":true}]}}